{"id":2441,"date":"2022-07-09T17:37:21","date_gmt":"2022-07-09T17:37:21","guid":{"rendered":"https:\/\/kvassgroup.com\/pulse-communications-2\/"},"modified":"2023-11-26T16:16:41","modified_gmt":"2023-11-26T16:16:41","slug":"pulse-communications-2","status":"publish","type":"page","link":"https:\/\/kvassgroup.com\/de\/pulse-communications-2\/","title":{"rendered":"Pulse Communications"},"content":{"rendered":"\n\t<section class=\"section\" id=\"section_787523313\">\n\t\t<div class=\"bg section-bg fill bg-fill  bg-loaded\" >\n\n\t\t\t\n\t\t\t\n\t\t\t\n\n\t\t<\/div>\n\n\t\t\n\n\t\t<div class=\"section-content relative\">\n\t\t\t\n\n<div class=\"row row-collapse row-full-width align-middle align-center\"  id=\"row-1337661079\">\n\n\n\t<div id=\"col-752274057\" class=\"col medium-12 small-12 large-6\"  >\n\t\t\t\t<div class=\"col-inner\"  >\n\t\t\t\n\t\t\t\n\n<h1><span style=\"font-size: 170%\">Pulse Communications<\/span><\/h1>\n<p><span style=\"font-size: 120%\">Wir brennen darauf, gemeinsam mit unseren Kunden Erfolge zu erzielen, und schaffen Kommunikation, die engagiert und zu Ergebnissen f\u00fchrt.<\/span><\/p>\n<div class=\"is-divider divider clearfix\" style=\"margin-top:1.1em;margin-bottom:1.1em;max-width:100%;height:5px;background-color:rgba(0, 0, 0, 0.064);\"><\/div>\n\n<p><span style=\"font-size: 100%\">Betriebskennziffer 988 222 216<\/span><\/p>\n\t<div id=\"gap-422357164\" class=\"gap-element clearfix\" style=\"display:block; height:auto;\">\n\t\t\n<style>\n#gap-422357164 {\n  padding-top: 10px;\n}\n<\/style>\n\t<\/div>\n\t\n\n<a href=\"#mehrlesen\" target=\"_self\" class=\"button primary lowercase\"  >\n    <span>Unternehmen<\/span>\n  <\/a>\n\n\n<a href=\"#standort\" target=\"_self\" class=\"button primary is-outline lowercase\"  >\n    <span>Standort<\/span>\n  <\/a>\n\n\n\n\t\t<\/div>\n\t\t\t\t\n<style>\n#col-752274057 > .col-inner {\n  padding: 60px 30px 60px 30px;\n}\n@media (min-width:550px) {\n  #col-752274057 > .col-inner {\n    padding: 60px 80px 60px 80px;\n  }\n}\n<\/style>\n\t<\/div>\n\n\t\n\n\t<div id=\"col-788232795\" class=\"col medium-12 small-12 large-6 medium-col-first\"  >\n\t\t\t\t<div class=\"col-inner dark\"  >\n\t\t\t\n\t\t\t\n\n<div class=\"slider-wrapper relative\" id=\"slider-693942297\" >\n    <div class=\"slider slider-nav-dots-simple slider-nav-simple slider-nav-large slider-nav-light slider-style-normal slider-show-nav\"\n        data-flickity-options='{\n            \"cellAlign\": \"center\",\n            \"imagesLoaded\": true,\n            \"lazyLoad\": 1,\n            \"freeScroll\": false,\n            \"wrapAround\": true,\n            \"autoPlay\": 4000,\n            \"pauseAutoPlayOnHover\" : false,\n            \"prevNextButtons\": true,\n            \"contain\" : true,\n            \"adaptiveHeight\" : true,\n            \"dragThreshold\" : 10,\n            \"percentPosition\": true,\n            \"pageDots\": false,\n            \"rightToLeft\": false,\n            \"draggable\": false,\n            \"selectedAttraction\": 0.1,\n            \"parallax\" : 0,\n            \"friction\": 0.6        }'\n        >\n        \n\n\n  <div class=\"banner has-hover\" id=\"banner-1423743543\">\n          <div class=\"banner-inner fill\">\n        <div class=\"banner-bg fill\" >\n            <div class=\"bg fill bg-fill \"><\/div>\n                        <div class=\"overlay\"><\/div>            \n                    <\/div>\n\t\t\n        <div class=\"banner-layers container\">\n            <div class=\"fill banner-link\"><\/div>            \n\n   <div id=\"text-box-1694559405\" class=\"text-box banner-layer x50 md-x50 lg-x50 y50 md-y50 lg-y50 res-text\">\n                                <div class=\"text-box-content text dark\">\n              \n              <div class=\"text-inner text-center\">\n                  \n\n\t<div class=\"img has-hover x md-x lg-x y md-y lg-y\" id=\"image_1245352950\">\n\t\t\t\t\t\t\t\t<div class=\"img-inner dark\" >\n\t\t\t<img width=\"709\" height=\"263\" src=\"https:\/\/kvassgroup.com\/wp-content\/uploads\/sites\/49\/2022\/07\/PulseCommunications_Logo-white.png\" class=\"attachment-large size-large\" alt=\"\" decoding=\"async\" loading=\"lazy\" srcset=\"https:\/\/kvassgroup.com\/wp-content\/uploads\/sites\/49\/2022\/07\/PulseCommunications_Logo-white.png 709w, https:\/\/kvassgroup.com\/wp-content\/uploads\/sites\/49\/2022\/07\/PulseCommunications_Logo-white-300x111.png 300w\" sizes=\"(max-width: 709px) 100vw, 709px\" \/>\t\t\t\t\t\t\n\t\t\t\t\t<\/div>\n\t\t\t\t\t\t\t\t\n<style>\n#image_1245352950 {\n  width: 70%;\n}\n@media (min-width:550px) {\n  #image_1245352950 {\n    width: 50%;\n  }\n}\n<\/style>\n\t<\/div>\n\t\n\n\n              <\/div>\n           <\/div>\n                            \n<style>\n#text-box-1694559405 {\n  width: 60%;\n}\n#text-box-1694559405 .text-box-content {\n  font-size: 100%;\n}\n<\/style>\n    <\/div>\n \n\n        <\/div>\n      <\/div>\n\n            \n<style>\n#banner-1423743543 {\n  padding-top: 400px;\n}\n#banner-1423743543 .bg.bg-loaded {\n  background-image: url(https:\/\/kvassgroup.com\/wp-content\/uploads\/sites\/49\/2023\/01\/skoyenatrium_foto_knut_neerland_-76-scaled.jpg);\n}\n#banner-1423743543 .overlay {\n  background-color: rgba(0, 0, 0, 0.808);\n}\n#banner-1423743543 .bg {\n  background-position: 35% 54%;\n}\n#banner-1423743543 .ux-shape-divider--top svg {\n  height: 150px;\n  --divider-top-width: 100%;\n}\n#banner-1423743543 .ux-shape-divider--bottom svg {\n  height: 150px;\n  --divider-width: 100%;\n}\n@media (min-width:850px) {\n  #banner-1423743543 {\n    padding-top: 700px;\n  }\n}\n<\/style>\n  <\/div>\n\n\n\n     <\/div>\n\n     <div class=\"loading-spin dark large centered\"><\/div>\n\n     \t<\/div>\n\n\n\n\t\t<\/div>\n\t\t\t\t\t<\/div>\n\n\t\n\n<\/div>\n\n\t\t<\/div>\n\n\t\t\n<style>\n#section_787523313 {\n  padding-top: 0px;\n  padding-bottom: 0px;\n}\n#section_787523313 .ux-shape-divider--top svg {\n  height: 150px;\n  --divider-top-width: 100%;\n}\n#section_787523313 .ux-shape-divider--bottom svg {\n  height: 150px;\n  --divider-width: 100%;\n}\n@media (min-width:550px) {\n  #section_787523313 {\n    padding-top: 0px;\n    padding-bottom: 0px;\n  }\n}\n<\/style>\n\t<\/section>\n\t\n<span class=\"scroll-to\" data-label=\"Scroll to: #lesmer\" data-bullet=\"false\" data-link=\"#lesmer\" data-title=\"Les mer\"><a name=\"lesmer\"><\/a><\/span>\n\n\t<section class=\"section\" id=\"section_1208915563\">\n\t\t<div class=\"bg section-bg fill bg-fill  bg-loaded\" >\n\n\t\t\t\n\t\t\t\n\t\t\t\n\n\t\t<\/div>\n\n\t\t\n\n\t\t<div class=\"section-content relative\">\n\t\t\t\n\n\t<div id=\"gap-844682127\" class=\"gap-element clearfix\" style=\"display:block; height:auto;\">\n\t\t\n<style>\n#gap-844682127 {\n  padding-top: 30px;\n}\n<\/style>\n\t<\/div>\n\t\n\n<div class=\"row align-center\"  id=\"row-2070177593\">\n\n\n\t<div id=\"col-1745048535\" class=\"col medium-10 small-11 large-10\"  >\n\t\t\t\t<div class=\"col-inner\"  >\n\t\t\t\n\t\t\t\n\n<div style=\"width: 1020px;\" class=\"wp-video\"><!--[if lt IE 9]><script>document.createElement('video');<\/script><![endif]-->\n<video class=\"wp-video-shortcode\" id=\"video-2441-1\" width=\"1020\" height=\"574\" preload=\"metadata\" controls=\"controls\"><source type=\"video\/mp4\" src=\"https:\/\/kvassgroup.com\/wp-content\/uploads\/sites\/49\/2022\/07\/Medier1.mp4?_=1\" \/><a href=\"https:\/\/kvassgroup.com\/wp-content\/uploads\/sites\/49\/2022\/07\/Medier1.mp4\">https:\/\/kvassgroup.com\/wp-content\/uploads\/sites\/49\/2022\/07\/Medier1.mp4<\/a><\/video><\/div>\n<h3> <\/h3>\n<h3 class=\"uppercase\"><span style=\"color: #999999;font-size: 100%\">Unternehmen<\/span><\/h3>\n<h2><span style=\"font-size: 120%\">Pulse Communications<\/span><\/h2>\n<p>Im Fr\u00fchjahr 2022 wurde Pulse Communications ein Teil der Kvass Group. Gemeinsam liefern wir das Beste aus Kommunikation, Kreativit\u00e4t und Technologie!<\/p>\n<p>Pulse Communications ist ein B\u00fcro f\u00fcr Werbung und Kommunikation mit einem breit gef\u00e4cherten Dienstleistungsangebot, von Strategie, Idee und Konzept, bis hin zu kreativer Umsetzung und Produktion von Inhalt auf allen Fl\u00e4chen und Kan\u00e4len.<\/p>\n<p>Wir brennen darauf, Ergebnisse f\u00fcr unsere Kunden zu schaffen, Ergebnisse, an denen wir uns selbst messen. Ihr Erfolg ist unser Erfolg. Aus diesem Grund engagieren wir uns mit vollem Einsatz f\u00fcr jeden Kunden und jeden Auftrag. In einer fragmentierten Kommunikationslandschaft mit immer mehr Kan\u00e4len und M\u00f6glichkeiten leisten wir effizient und zielgerichtet unseren Beitrag, ohne dabei das Gesch\u00e4ftsziel unserer Kunden aus den Augen zu verlieren. Wir \u00fcbernehmen Verantwortung und schaffen Fortschritt.<\/p>\n<p>Wir geben aufeinander acht. Deshalb halten uns viele unserer Kunden und Mitarbeiterinnen und Mitarbeiter schon seit vielen Jahren die Treue. Seit 17 Jahren arbeiten wir eng mit den gr\u00f6\u00dften Lebensmittel-Werbetreibenden Nordeuropas und anderen starken Markenartikeln zusammen und haben uns einzigartige Erfahrung und Kompetenz angeeignet. Au\u00dferdem verf\u00fcgen wir \u00fcber Spezialkompetenz und langj\u00e4hrige Erfahrung im Bereich des Immobilien-Marketing sowohl f\u00fcr das Gewerbe als auch den Wohnungs- und Freizeitmarkt.<\/p>\n<a rel=\"noopener noreferrer\" href=\"https:\/\/www.pulsecom.no\/\" target=\"_blank\" class=\"button primary is-outline lowercase\"  >\n    <span>Mehr lesen auf pulsecom.no<\/span>\n  <\/a>\n\n\n\n\t\t<\/div>\n\t\t\t\t\t<\/div>\n\n\t\n\n<\/div>\n\n\t\t<\/div>\n\n\t\t\n<style>\n#section_1208915563 {\n  padding-top: 60px;\n  padding-bottom: 60px;\n  background-color: rgb(245, 245, 245);\n}\n#section_1208915563 .ux-shape-divider--top svg {\n  height: 150px;\n  --divider-top-width: 100%;\n}\n#section_1208915563 .ux-shape-divider--bottom svg {\n  height: 150px;\n  --divider-width: 100%;\n}\n@media (min-width:550px) {\n  #section_1208915563 {\n    padding-top: 100px;\n    padding-bottom: 100px;\n  }\n}\n<\/style>\n\t<\/section>\n\t\n<span class=\"scroll-to\" data-label=\"Scroll to: #beliggenhet\" data-bullet=\"false\" data-link=\"#beliggenhet\" data-title=\"beliggenhet\"><a name=\"beliggenhet\"><\/a><\/span>\n\n\t<section class=\"section\" id=\"section_215343597\">\n\t\t<div class=\"bg section-bg fill bg-fill  bg-loaded\" >\n\n\t\t\t\n\t\t\t\n\t\t\t\n\n\t\t<\/div>\n\n\t\t\n\n\t\t<div class=\"section-content relative\">\n\t\t\t\n\n\t<div id=\"gap-502701685\" class=\"gap-element clearfix\" style=\"display:block; height:auto;\">\n\t\t\n<style>\n#gap-502701685 {\n  padding-top: 30px;\n}\n<\/style>\n\t<\/div>\n\t\n\n<div class=\"row row-large align-middle align-center\"  id=\"row-817763672\">\n\n\n\t<div id=\"col-1217019927\" class=\"col medium-10 small-11 large-5\"  >\n\t\t\t\t<div class=\"col-inner\"  >\n\t\t\t\n\t\t\t\n\n<h3 class=\"uppercase\"><span style=\"color: #999999;font-size: 100%\">Standort<\/span><\/h3>\n<h2><span style=\"font-size: 120%\">Hier finden Sie uns<\/span><\/h2>\n<p>Wir befinden uns in Sk\u00f8yen in Oslo.<\/p>\n\n\t\t<\/div>\n\t\t\t\t\t<\/div>\n\n\t\n\n\t<div id=\"col-234587228\" class=\"col medium-10 small-11 large-5\"  >\n\t\t\t\t<div class=\"col-inner\"  >\n\t\t\t\n\t\t\t\n\n\n\t<script type=\"text\/javascript\">\n  jQuery( document ).ready(function() {\n    function initialize() {\n        var styles = {\n            'flatsome':  [{\n            \"featureType\": \"administrative\",\n            \"stylers\": [\n              { \"visibility\": \"on\" }\n            ]\n          },\n          {\n            \"featureType\": \"road\",\n            \"stylers\": [\n              { \"visibility\": \"on\" },\n              { \"hue\": \"#000000\" }\n            ]\n          },\n          {\n            \"stylers\": [\n\t\t\t  { \"visibility\": \"on\" },\n\t\t\t  { \"hue\": \"#000000\" },\n\t\t\t  { \"saturation\": -100 }\n            ]\n          }\n        ]};\n\n        var myLatlng = new google.maps.LatLng(59.92263, 10.68296);\n        var myOptions = {\n            zoom: 16,\n            center: myLatlng,\n            mapTypeId: google.maps.MapTypeId.ROADMAP,\n            disableDefaultUI: true,\n            mapTypeId: 'flatsome',\n            draggable: true,\n            zoomControl: true,\n            zoomControlOptions: {\n              position: google.maps.ControlPosition.TOP_LEFT\n            },\n      \t\t\t\/\/ panControl: true,\n            \/\/ panControlOptions: {\n            \/\/   position: google.maps.ControlPosition.TOP_LEFT\n            \/\/ },\n      \t\t\tmapTypeControl: false,\n            mapTypeControlOptions: {\n              position: google.maps.ControlPosition.TOP_LEFT\n            },\n      \t\t\t\/\/ scaleControl: true,\n            \/\/ scaleControlOptions: {\n            \/\/   position: google.maps.ControlPosition.TOP_LEFT\n            \/\/ },\n      \t\t\tstreetViewControl: true,\n            streetViewControlOptions: {\n              position: google.maps.ControlPosition.TOP_LEFT\n            },\n      \t\t\t\/\/ overviewMapControl: true,\n            \/\/ overviewMapControlOptions: {\n            \/\/   position: google.maps.ControlPosition.TOP_LEFT\n            \/\/ },\n            scrollwheel: false,\n            disableDoubleClickZoom: true\n        }\n        var map = new google.maps.Map(document.getElementById(\"map-2088169377-inner\"), myOptions);\n        var styledMapType = new google.maps.StyledMapType(styles['flatsome'], {name: 'flatsome'});\n        map.mapTypes.set('flatsome', styledMapType);\n\n        var marker = new google.maps.Marker({\n            position: myLatlng,\n            map: map,\n            title:\"\"\n        });\n    }\n\n    \/\/ Required to proceed\n    if (!(typeof google === 'object' && typeof google.maps === 'object')) {\n      return\n    }\n\n    initialize()\n    google.maps.event.addDomListener(window, 'resize', initialize);\n    });\n    <\/script>\n\n    <div class=\"google-map relative mb\" id=\"map-2088169377\">\n        <div class=\"map-height\" id=\"map-2088169377-inner\"><\/div>\n        <div id=\"map_overlay_top\"><\/div>\n        <div id=\"map_overlay_bottom\"><\/div>\n                  <div class=\"map_inner map-inner last-reset absolute x100 md-x95 lg-x95 y100 md-y95 lg-y95\">\n              \n\n<p style=\"text-align: center\">Askekroken 11,<br \/>0278 Oslo<\/p>\n\n         <\/div>\n       \n       \n<style>\n#map-2088169377 .map-inner {\n  background-color: rgb(255, 255, 255);\n  max-width: 100%;\n}\n#map-2088169377 .map-height {\n  height: 300px;\n}\n@media (min-width:550px) {\n  #map-2088169377 .map-inner {\n    max-width: 50%;\n  }\n}\n@media (min-width:850px) {\n  #map-2088169377 .map-inner {\n    max-width: 60%;\n  }\n  #map-2088169377 .map-height {\n    height: 400px;\n  }\n}\n<\/style>\n    <\/div>\n\n\t\n\n\t\t<\/div>\n\t\t\t\t\t<\/div>\n\n\t\n\n<\/div>\n\n\t\t<\/div>\n\n\t\t\n<style>\n#section_215343597 {\n  padding-top: 60px;\n  padding-bottom: 60px;\n  background-color: rgb(255, 255, 255);\n}\n#section_215343597 .ux-shape-divider--top svg {\n  height: 150px;\n  --divider-top-width: 100%;\n}\n#section_215343597 .ux-shape-divider--bottom svg {\n  height: 150px;\n  --divider-width: 100%;\n}\n@media (min-width:550px) {\n  #section_215343597 {\n    padding-top: 100px;\n    padding-bottom: 100px;\n  }\n}\n<\/style>\n\t<\/section>\n\t\n\n  <div class=\"banner has-hover\" id=\"banner-1725953500\">\n          <div class=\"banner-inner fill\">\n        <div class=\"banner-bg fill\" >\n            <div class=\"bg fill bg-fill \"><\/div>\n                                    \n                    <\/div>\n\t\t\n        <div class=\"banner-layers container\">\n            <div class=\"fill banner-link\"><\/div>            \n\n   <div id=\"text-box-702423957\" class=\"text-box banner-layer x50 md-x50 lg-x50 y50 md-y50 lg-y50 res-text\">\n                                <div class=\"text-box-content text dark\">\n              \n              <div class=\"text-inner text-center\">\n                  \n\n\n              <\/div>\n           <\/div>\n                            \n<style>\n#text-box-702423957 {\n  width: 60%;\n}\n#text-box-702423957 .text-box-content {\n  font-size: 100%;\n}\n<\/style>\n    <\/div>\n \n\n        <\/div>\n      <\/div>\n\n            \n<style>\n#banner-1725953500 {\n  padding-top: 56.25%;\n}\n#banner-1725953500 .bg.bg-loaded {\n  background-image: url(https:\/\/kvassgroup.com\/wp-content\/uploads\/sites\/49\/2023\/01\/skoyenatrium_foto_knut_neerland_-78-scaled.jpg);\n}\n#banner-1725953500 .bg {\n  background-position: 74% 85%;\n}\n#banner-1725953500 .ux-shape-divider--top svg {\n  height: 150px;\n  --divider-top-width: 100%;\n}\n#banner-1725953500 .ux-shape-divider--bottom svg {\n  height: 150px;\n  --divider-width: 100%;\n}\n@media (min-width:850px) {\n  #banner-1725953500 {\n    padding-top: 40%;\n  }\n}\n<\/style>\n  <\/div>\n\n\n\t<section class=\"section\" id=\"section_1266868719\">\n\t\t<div class=\"bg section-bg fill bg-fill  bg-loaded\" >\n\n\t\t\t\n\t\t\t\n\t\t\t\n\n\t\t<\/div>\n\n\t\t\n\n\t\t<div class=\"section-content relative\">\n\t\t\t\n\n\t<div id=\"gap-850926740\" class=\"gap-element clearfix\" style=\"display:block; height:auto;\">\n\t\t\n<style>\n#gap-850926740 {\n  padding-top: 30px;\n}\n<\/style>\n\t<\/div>\n\t\n\n<div class=\"row align-center\"  id=\"row-646466659\">\n\n\n\t<div id=\"col-322502996\" class=\"col medium-10 small-11 large-12\"  >\n\t\t\t\t<div class=\"col-inner text-center\"  >\n\t\t\t\n\t\t\t\n\n<h2><span style=\"font-size: 120%\">Mehr lesen \u00fcber Pulse Communications<\/span><\/h2>\n\t<div id=\"gap-1182359939\" class=\"gap-element clearfix\" style=\"display:block; height:auto;\">\n\t\t\n<style>\n#gap-1182359939 {\n  padding-top: 20px;\n}\n<\/style>\n\t<\/div>\n\t\n\n<a rel=\"noopener noreferrer\" href=\"https:\/\/www.pulsecom.no\/\" target=\"_blank\" class=\"button primary is-large lowercase\"  style=\"padding:5px 20px 5px 25px;\">\n    <span>www.pulsecom.no<\/span>\n  <\/a>\n\n\n\n\t\t<\/div>\n\t\t\t\t\t<\/div>\n\n\t\n\n<\/div>\n\n\t\t<\/div>\n\n\t\t\n<style>\n#section_1266868719 {\n  padding-top: 60px;\n  padding-bottom: 60px;\n  background-color: rgb(245, 245, 245);\n}\n#section_1266868719 .ux-shape-divider--top svg {\n  height: 150px;\n  --divider-top-width: 100%;\n}\n#section_1266868719 .ux-shape-divider--bottom svg {\n  height: 150px;\n  --divider-width: 100%;\n}\n@media (min-width:850px) {\n  #section_1266868719 {\n    padding-top: 100px;\n    padding-bottom: 100px;\n  }\n}\n<\/style>\n\t<\/section>\n\t\n\n","protected":false},"excerpt":{"rendered":"","protected":false},"author":19,"featured_media":0,"parent":0,"menu_order":0,"comment_status":"closed","ping_status":"closed","template":"page-blank.php","meta":{"inline_featured_image":false},"_links":{"self":[{"href":"https:\/\/kvassgroup.com\/de\/wp-json\/wp\/v2\/pages\/2441"}],"collection":[{"href":"https:\/\/kvassgroup.com\/de\/wp-json\/wp\/v2\/pages"}],"about":[{"href":"https:\/\/kvassgroup.com\/de\/wp-json\/wp\/v2\/types\/page"}],"author":[{"embeddable":true,"href":"https:\/\/kvassgroup.com\/de\/wp-json\/wp\/v2\/users\/19"}],"replies":[{"embeddable":true,"href":"https:\/\/kvassgroup.com\/de\/wp-json\/wp\/v2\/comments?post=2441"}],"version-history":[{"count":4,"href":"https:\/\/kvassgroup.com\/de\/wp-json\/wp\/v2\/pages\/2441\/revisions"}],"predecessor-version":[{"id":2632,"href":"https:\/\/kvassgroup.com\/de\/wp-json\/wp\/v2\/pages\/2441\/revisions\/2632"}],"wp:attachment":[{"href":"https:\/\/kvassgroup.com\/de\/wp-json\/wp\/v2\/media?parent=2441"}],"curies":[{"name":"wp","href":"https:\/\/api.w.org\/{rel}","templated":true}]}}