{"id":2466,"date":"2022-07-07T19:52:36","date_gmt":"2022-07-07T19:52:36","guid":{"rendered":"https:\/\/kvassgroup.com\/kvass-no-as-2\/"},"modified":"2023-12-06T20:26:54","modified_gmt":"2023-12-06T20:26:54","slug":"kvass-no-as-2","status":"publish","type":"page","link":"https:\/\/kvassgroup.com\/de\/kvass-no-as-2\/","title":{"rendered":"Kvass.no AS"},"content":{"rendered":"\n\t<section class=\"section\" id=\"section_1241596654\">\n\t\t<div class=\"bg section-bg fill bg-fill  bg-loaded\" >\n\n\t\t\t\n\t\t\t\n\t\t\t\n\n\t\t<\/div>\n\n\t\t\n\n\t\t<div class=\"section-content relative\">\n\t\t\t\n\n<div class=\"row row-collapse row-full-width align-middle align-center\"  id=\"row-1992297051\">\n\n\n\t<div id=\"col-456740919\" class=\"col medium-12 small-12 large-6\"  >\n\t\t\t\t<div class=\"col-inner\"  >\n\t\t\t\n\t\t\t\n\n<h1><span style=\"font-size: 170%\">Kvass Norge AS<\/span><\/h1>\n<p><span style=\"font-size: 120%\">Die besten Werkzeuge f\u00fcr Immobilien auf nur einer Plattform.<\/span><\/p>\n<div class=\"is-divider divider clearfix\" style=\"margin-top:1.1em;margin-bottom:1.1em;max-width:100%;height:5px;background-color:rgba(0, 0, 0, 0.064);\"><\/div>\n\n<p><span style=\"font-size: 100%\">Betriebskennziffer 923 943 234<\/span><\/p>\n\t<div id=\"gap-630073233\" class=\"gap-element clearfix\" style=\"display:block; height:auto;\">\n\t\t\n<style>\n#gap-630073233 {\n  padding-top: 10px;\n}\n<\/style>\n\t<\/div>\n\t\n\n<a href=\"#mehrlesen\" target=\"_self\" class=\"button primary lowercase\"  >\n    <span>Unternehmen<\/span>\n  <\/a>\n\n\n<a href=\"#standort\" target=\"_self\" class=\"button primary is-outline lowercase\"  >\n    <span>Standort<\/span>\n  <\/a>\n\n\n\n\t\t<\/div>\n\t\t\t\t\n<style>\n#col-456740919 > .col-inner {\n  padding: 60px 30px 60px 30px;\n}\n@media (min-width:550px) {\n  #col-456740919 > .col-inner {\n    padding: 60px 80px 60px 80px;\n  }\n}\n<\/style>\n\t<\/div>\n\n\t\n\n\t<div id=\"col-1919864809\" class=\"col medium-12 small-12 large-6 medium-col-first\"  >\n\t\t\t\t<div class=\"col-inner dark\"  >\n\t\t\t\n\t\t\t\n\n<div class=\"slider-wrapper relative\" id=\"slider-145727606\" >\n    <div class=\"slider slider-nav-dots-simple slider-nav-simple slider-nav-large slider-nav-light slider-style-normal slider-show-nav\"\n        data-flickity-options='{\n            \"cellAlign\": \"center\",\n            \"imagesLoaded\": true,\n            \"lazyLoad\": 1,\n            \"freeScroll\": false,\n            \"wrapAround\": true,\n            \"autoPlay\": 4000,\n            \"pauseAutoPlayOnHover\" : false,\n            \"prevNextButtons\": true,\n            \"contain\" : true,\n            \"adaptiveHeight\" : true,\n            \"dragThreshold\" : 10,\n            \"percentPosition\": true,\n            \"pageDots\": false,\n            \"rightToLeft\": false,\n            \"draggable\": false,\n            \"selectedAttraction\": 0.1,\n            \"parallax\" : 0,\n            \"friction\": 0.6        }'\n        >\n        \n\n\n  <div class=\"banner has-hover\" id=\"banner-885677734\">\n          <div class=\"banner-inner fill\">\n        <div class=\"banner-bg fill\" >\n            <div class=\"bg fill bg-fill \"><\/div>\n                                    \n                    <\/div>\n\t\t\n        <div class=\"banner-layers container\">\n            <div class=\"fill banner-link\"><\/div>            \n\n   <div id=\"text-box-178972751\" class=\"text-box banner-layer x50 md-x50 lg-x50 y50 md-y50 lg-y50 res-text\">\n                                <div class=\"text-box-content text dark\">\n              \n              <div class=\"text-inner text-center\">\n                  \n\n\n              <\/div>\n           <\/div>\n                            \n<style>\n#text-box-178972751 {\n  width: 60%;\n}\n#text-box-178972751 .text-box-content {\n  font-size: 100%;\n}\n<\/style>\n    <\/div>\n \n\n        <\/div>\n      <\/div>\n\n            \n<style>\n#banner-885677734 {\n  padding-top: 400px;\n}\n#banner-885677734 .bg.bg-loaded {\n  background-image: url(https:\/\/kvassgroup.com\/wp-content\/uploads\/sites\/49\/2023\/12\/kvass_fasade-1.jpg);\n}\n#banner-885677734 .bg {\n  background-position: 51% 68%;\n}\n#banner-885677734 .ux-shape-divider--top svg {\n  height: 150px;\n  --divider-top-width: 100%;\n}\n#banner-885677734 .ux-shape-divider--bottom svg {\n  height: 150px;\n  --divider-width: 100%;\n}\n@media (min-width:850px) {\n  #banner-885677734 {\n    padding-top: 700px;\n  }\n}\n<\/style>\n  <\/div>\n\n\n\n     <\/div>\n\n     <div class=\"loading-spin dark large centered\"><\/div>\n\n     \t<\/div>\n\n\n\n\t\t<\/div>\n\t\t\t\t\t<\/div>\n\n\t\n\n<\/div>\n\n\t\t<\/div>\n\n\t\t\n<style>\n#section_1241596654 {\n  padding-top: 0px;\n  padding-bottom: 0px;\n}\n#section_1241596654 .ux-shape-divider--top svg {\n  height: 150px;\n  --divider-top-width: 100%;\n}\n#section_1241596654 .ux-shape-divider--bottom svg {\n  height: 150px;\n  --divider-width: 100%;\n}\n@media (min-width:550px) {\n  #section_1241596654 {\n    padding-top: 0px;\n    padding-bottom: 0px;\n  }\n}\n<\/style>\n\t<\/section>\n\t\n<span class=\"scroll-to\" data-label=\"Scroll to: #lesmer\" data-bullet=\"false\" data-link=\"#lesmer\" data-title=\"Les mer\"><a name=\"lesmer\"><\/a><\/span>\n\n\t<section class=\"section\" id=\"section_603910906\">\n\t\t<div class=\"bg section-bg fill bg-fill  bg-loaded\" >\n\n\t\t\t\n\t\t\t\n\t\t\t\n\n\t\t<\/div>\n\n\t\t\n\n\t\t<div class=\"section-content relative\">\n\t\t\t\n\n\t<div id=\"gap-1755725945\" class=\"gap-element clearfix\" style=\"display:block; height:auto;\">\n\t\t\n<style>\n#gap-1755725945 {\n  padding-top: 30px;\n}\n<\/style>\n\t<\/div>\n\t\n\n<div class=\"row align-center\"  id=\"row-767966532\">\n\n\n\t<div id=\"col-2038083075\" class=\"col medium-10 small-11 large-10\"  >\n\t\t\t\t<div class=\"col-inner\"  >\n\t\t\t\n\t\t\t\n\n<h3 class=\"uppercase\"><span style=\"color: #999999;font-size: 100%\">Unternehmen<\/span><\/h3>\n<h2><span style=\"font-size: 120%\">Kvass Norge AS<\/span><\/h2>\n<p>Kvass ist ein norwegisches Software-Unternehmen mit einem breiten Spektrum an digitalien L\u00f6sungen f\u00fcr die Immobilienbranche. Au\u00dferdem haben wir unser Produkt- und Dienstleistungsspektrum erweitert! Pulse Communcations ist jetzt Teil des Technologie-Unternehmens Kvass Group. Gemeinsam liefern wir das Beste aus Kommunikation, Kreativit\u00e4t und Technologie!<\/p>\n<p>Das Team von Kvass verf\u00fcgt \u00fcber umfangreiche Erfahrung und Kompetenz sowohl aus der Immobilienbranche als auch der Softwareentwicklung, und wir alle sind mit Leidenschaft dabei, wenn es darum geht, all unser Wissen in gute Kundenerlebnisse f\u00fcr unsere Kunden und deren Kunden umzusetzen. Unsere L\u00f6sungen werden heute von einer Reihe von Akteuren angewendet, u.a. in den Bereichen Wohnungsentwicklung, Freizeitmarkt, Baubranche und Gewerbeimmobilien.<\/p>\n<p>Als Kunde von Kvass m\u00f6chten wir Sie als entgegenkommenden und innovativen Kooperationspartner \u00fcberzeugen, auf den Sie sich jederzeit verlassen k\u00f6nnen. Grundlage unserer L\u00f6sungsans\u00e4tze sind stets Ihre Bed\u00fcrfnisse und die M\u00f6glichkeiten, die technologisch realisierbar sind. In vielen Zusammenh\u00e4ngen bedeutet dies auch, dass unsere L\u00f6sungen in einem nahtlosen Zusammenspiel mit anderen L\u00f6sungen einwandfrei funktionieren m\u00fcssen. Deshalb ist es uns besonders wichtig, dass uns auch andere Akteure als einen absolut kompetenten und l\u00f6sungsorientierten Kooperationspartner erleben.<\/p>\n<p>Kvass legt gro\u00dfen Wert auf ein solides Fundament f\u00fcr Wachstum, sowohl im Hinblick auf die Technologie als auch die Menschen, die gemeinsam f\u00fcr gute Kundenerlebnisse und Begeisterung bei unseren Kunden sorgen.<br \/>Wir sind voller Demut und Stolz, dass die Anzahl der Kunden bei Kvass stetig w\u00e4chst. Das Vertrauen verwalten wir gut, und es inspiriert uns, an der Entwicklung von L\u00f6sungen weiterzuarbeiten, durch die wir einen hohen gesch\u00e4ftlichen Wert f\u00fcr unsere Kunden schaffen.<\/p>\n<a rel=\"noopener noreferrer\" href=\"https:\/\/www.kvass.no\/\" target=\"_blank\" class=\"button primary is-outline lowercase\"  >\n    <span>Lesen Sie mehr unter kvass.no<\/span>\n  <\/a>\n\n\n\n\t\t<\/div>\n\t\t\t\t\t<\/div>\n\n\t\n\n<\/div>\n\n\t\t<\/div>\n\n\t\t\n<style>\n#section_603910906 {\n  padding-top: 60px;\n  padding-bottom: 60px;\n  background-color: rgb(245, 245, 245);\n}\n#section_603910906 .ux-shape-divider--top svg {\n  height: 150px;\n  --divider-top-width: 100%;\n}\n#section_603910906 .ux-shape-divider--bottom svg {\n  height: 150px;\n  --divider-width: 100%;\n}\n@media (min-width:550px) {\n  #section_603910906 {\n    padding-top: 100px;\n    padding-bottom: 100px;\n  }\n}\n<\/style>\n\t<\/section>\n\t\n<span class=\"scroll-to\" data-label=\"Scroll to: #beliggenhet\" data-bullet=\"false\" data-link=\"#beliggenhet\" data-title=\"beliggenhet\"><a name=\"beliggenhet\"><\/a><\/span>\n\n\t<section class=\"section\" id=\"section_1557595955\">\n\t\t<div class=\"bg section-bg fill bg-fill  bg-loaded\" >\n\n\t\t\t\n\t\t\t\n\t\t\t\n\n\t\t<\/div>\n\n\t\t\n\n\t\t<div class=\"section-content relative\">\n\t\t\t\n\n\t<div id=\"gap-1489890580\" class=\"gap-element clearfix\" style=\"display:block; height:auto;\">\n\t\t\n<style>\n#gap-1489890580 {\n  padding-top: 30px;\n}\n<\/style>\n\t<\/div>\n\t\n\n<div class=\"row row-large align-middle align-center\"  id=\"row-1294043852\">\n\n\n\t<div id=\"col-674546476\" class=\"col medium-10 small-11 large-10\"  >\n\t\t\t\t<div class=\"col-inner\"  >\n\t\t\t\n\t\t\t\n\n<h3 class=\"uppercase\" style=\"text-align: center\"><span style=\"color: #999999;font-size: 100%\">Standort<\/span><\/h3>\n<h2 style=\"text-align: center\"><span style=\"font-size: 120%\">Hier finden Sie uns<\/span><\/h2>\n<p style=\"text-align: center\">Unsere B\u00fcros befinden sich in Sarpsborg und Oslo.<\/p>\n\n\t\t<\/div>\n\t\t\t\t\t<\/div>\n\n\t\n\n\t<div id=\"col-1556726743\" class=\"col medium-10 small-11 large-5\"  >\n\t\t\t\t<div class=\"col-inner\"  >\n\t\t\t\n\t\t\t\n\n\n\t<script type=\"text\/javascript\">\n  jQuery( document ).ready(function() {\n    function initialize() {\n        var styles = {\n            'flatsome':  [{\n            \"featureType\": \"administrative\",\n            \"stylers\": [\n              { \"visibility\": \"on\" }\n            ]\n          },\n          {\n            \"featureType\": \"road\",\n            \"stylers\": [\n              { \"visibility\": \"on\" },\n              { \"hue\": \"#000000\" }\n            ]\n          },\n          {\n            \"stylers\": [\n\t\t\t  { \"visibility\": \"on\" },\n\t\t\t  { \"hue\": \"#000000\" },\n\t\t\t  { \"saturation\": -100 }\n            ]\n          }\n        ]};\n\n        var myLatlng = new google.maps.LatLng(59.27976, 11.09062);\n        var myOptions = {\n            zoom: 16,\n            center: myLatlng,\n            mapTypeId: google.maps.MapTypeId.ROADMAP,\n            disableDefaultUI: true,\n            mapTypeId: 'flatsome',\n            draggable: true,\n            zoomControl: true,\n            zoomControlOptions: {\n              position: google.maps.ControlPosition.TOP_LEFT\n            },\n      \t\t\t\/\/ panControl: true,\n            \/\/ panControlOptions: {\n            \/\/   position: google.maps.ControlPosition.TOP_LEFT\n            \/\/ },\n      \t\t\tmapTypeControl: false,\n            mapTypeControlOptions: {\n              position: google.maps.ControlPosition.TOP_LEFT\n            },\n      \t\t\t\/\/ scaleControl: true,\n            \/\/ scaleControlOptions: {\n            \/\/   position: google.maps.ControlPosition.TOP_LEFT\n            \/\/ },\n      \t\t\tstreetViewControl: true,\n            streetViewControlOptions: {\n              position: google.maps.ControlPosition.TOP_LEFT\n            },\n      \t\t\t\/\/ overviewMapControl: true,\n            \/\/ overviewMapControlOptions: {\n            \/\/   position: google.maps.ControlPosition.TOP_LEFT\n            \/\/ },\n            scrollwheel: false,\n            disableDoubleClickZoom: true\n        }\n        var map = new google.maps.Map(document.getElementById(\"map-3715467198-inner\"), myOptions);\n        var styledMapType = new google.maps.StyledMapType(styles['flatsome'], {name: 'flatsome'});\n        map.mapTypes.set('flatsome', styledMapType);\n\n        var marker = new google.maps.Marker({\n            position: myLatlng,\n            map: map,\n            title:\"\"\n        });\n    }\n\n    \/\/ Required to proceed\n    if (!(typeof google === 'object' && typeof google.maps === 'object')) {\n      return\n    }\n\n    initialize()\n    google.maps.event.addDomListener(window, 'resize', initialize);\n    });\n    <\/script>\n\n    <div class=\"google-map relative mb\" id=\"map-3715467198\">\n        <div class=\"map-height\" id=\"map-3715467198-inner\"><\/div>\n        <div id=\"map_overlay_top\"><\/div>\n        <div id=\"map_overlay_bottom\"><\/div>\n                  <div class=\"map_inner map-inner last-reset absolute x100 md-x95 lg-x95 y100 md-y95 lg-y95\">\n              \n\n<p style=\"text-align: center\">Klokkerg\u00e5rdveien 5,<br \/>1711 Sarpsborg<\/p>\n\n         <\/div>\n       \n       \n<style>\n#map-3715467198 .map-inner {\n  background-color: rgb(255, 255, 255);\n  max-width: 100%;\n}\n#map-3715467198 .map-height {\n  height: 300px;\n}\n@media (min-width:550px) {\n  #map-3715467198 .map-inner {\n    max-width: 50%;\n  }\n}\n@media (min-width:850px) {\n  #map-3715467198 .map-inner {\n    max-width: 60%;\n  }\n  #map-3715467198 .map-height {\n    height: 400px;\n  }\n}\n<\/style>\n    <\/div>\n\n\t\n\n\t\t<\/div>\n\t\t\t\t\t<\/div>\n\n\t\n\n\t<div id=\"col-1315569267\" class=\"col medium-10 small-11 large-5\"  >\n\t\t\t\t<div class=\"col-inner\"  >\n\t\t\t\n\t\t\t\n\n\n\t<script type=\"text\/javascript\">\n  jQuery( document ).ready(function() {\n    function initialize() {\n        var styles = {\n            'flatsome':  [{\n            \"featureType\": \"administrative\",\n            \"stylers\": [\n              { \"visibility\": \"on\" }\n            ]\n          },\n          {\n            \"featureType\": \"road\",\n            \"stylers\": [\n              { \"visibility\": \"on\" },\n              { \"hue\": \"#000000\" }\n            ]\n          },\n          {\n            \"stylers\": [\n\t\t\t  { \"visibility\": \"on\" },\n\t\t\t  { \"hue\": \"#000000\" },\n\t\t\t  { \"saturation\": -100 }\n            ]\n          }\n        ]};\n\n        var myLatlng = new google.maps.LatLng(59.92263, 10.68296);\n        var myOptions = {\n            zoom: 16,\n            center: myLatlng,\n            mapTypeId: google.maps.MapTypeId.ROADMAP,\n            disableDefaultUI: true,\n            mapTypeId: 'flatsome',\n            draggable: true,\n            zoomControl: true,\n            zoomControlOptions: {\n              position: google.maps.ControlPosition.TOP_LEFT\n            },\n      \t\t\t\/\/ panControl: true,\n            \/\/ panControlOptions: {\n            \/\/   position: google.maps.ControlPosition.TOP_LEFT\n            \/\/ },\n      \t\t\tmapTypeControl: false,\n            mapTypeControlOptions: {\n              position: google.maps.ControlPosition.TOP_LEFT\n            },\n      \t\t\t\/\/ scaleControl: true,\n            \/\/ scaleControlOptions: {\n            \/\/   position: google.maps.ControlPosition.TOP_LEFT\n            \/\/ },\n      \t\t\tstreetViewControl: true,\n            streetViewControlOptions: {\n              position: google.maps.ControlPosition.TOP_LEFT\n            },\n      \t\t\t\/\/ overviewMapControl: true,\n            \/\/ overviewMapControlOptions: {\n            \/\/   position: google.maps.ControlPosition.TOP_LEFT\n            \/\/ },\n            scrollwheel: false,\n            disableDoubleClickZoom: true\n        }\n        var map = new google.maps.Map(document.getElementById(\"map-2750603571-inner\"), myOptions);\n        var styledMapType = new google.maps.StyledMapType(styles['flatsome'], {name: 'flatsome'});\n        map.mapTypes.set('flatsome', styledMapType);\n\n        var marker = new google.maps.Marker({\n            position: myLatlng,\n            map: map,\n            title:\"\"\n        });\n    }\n\n    \/\/ Required to proceed\n    if (!(typeof google === 'object' && typeof google.maps === 'object')) {\n      return\n    }\n\n    initialize()\n    google.maps.event.addDomListener(window, 'resize', initialize);\n    });\n    <\/script>\n\n    <div class=\"google-map relative mb\" id=\"map-2750603571\">\n        <div class=\"map-height\" id=\"map-2750603571-inner\"><\/div>\n        <div id=\"map_overlay_top\"><\/div>\n        <div id=\"map_overlay_bottom\"><\/div>\n                  <div class=\"map_inner map-inner last-reset absolute x100 md-x95 lg-x95 y100 md-y95 lg-y95\">\n              \n\n<p style=\"text-align: center\">Askekroken 11,<br \/>0277 Oslo<\/p>\n\n         <\/div>\n       \n       \n<style>\n#map-2750603571 .map-inner {\n  background-color: rgb(255, 255, 255);\n  max-width: 100%;\n}\n#map-2750603571 .map-height {\n  height: 300px;\n}\n@media (min-width:550px) {\n  #map-2750603571 .map-inner {\n    max-width: 50%;\n  }\n}\n@media (min-width:850px) {\n  #map-2750603571 .map-inner {\n    max-width: 60%;\n  }\n  #map-2750603571 .map-height {\n    height: 400px;\n  }\n}\n<\/style>\n    <\/div>\n\n\t\n\n\t\t<\/div>\n\t\t\t\t\t<\/div>\n\n\t\n\n<\/div>\n\n\t\t<\/div>\n\n\t\t\n<style>\n#section_1557595955 {\n  padding-top: 60px;\n  padding-bottom: 60px;\n  background-color: rgb(255, 255, 255);\n}\n#section_1557595955 .ux-shape-divider--top svg {\n  height: 150px;\n  --divider-top-width: 100%;\n}\n#section_1557595955 .ux-shape-divider--bottom svg {\n  height: 150px;\n  --divider-width: 100%;\n}\n@media (min-width:550px) {\n  #section_1557595955 {\n    padding-top: 100px;\n    padding-bottom: 100px;\n  }\n}\n<\/style>\n\t<\/section>\n\t\n\n  <div class=\"banner has-hover\" id=\"banner-339806790\">\n          <div class=\"banner-inner fill\">\n        <div class=\"banner-bg fill\" >\n            <div class=\"bg fill bg-fill \"><\/div>\n                                    \n                    <\/div>\n\t\t\n        <div class=\"banner-layers container\">\n            <div class=\"fill banner-link\"><\/div>            \n\n   <div id=\"text-box-1552311579\" class=\"text-box banner-layer x50 md-x50 lg-x50 y50 md-y50 lg-y50 res-text\">\n                                <div class=\"text-box-content text dark\">\n              \n              <div class=\"text-inner text-center\">\n                  \n\n\n              <\/div>\n           <\/div>\n                            \n<style>\n#text-box-1552311579 {\n  width: 60%;\n}\n#text-box-1552311579 .text-box-content {\n  font-size: 100%;\n}\n<\/style>\n    <\/div>\n \n\n        <\/div>\n      <\/div>\n\n            \n<style>\n#banner-339806790 {\n  padding-top: 56.25%;\n}\n#banner-339806790 .bg.bg-loaded {\n  background-image: url(https:\/\/kvassgroup.com\/wp-content\/uploads\/sites\/49\/2023\/01\/skoyenatrium_foto_knut_neerland_-78-scaled.jpg);\n}\n#banner-339806790 .bg {\n  background-position: 79% 49%;\n}\n#banner-339806790 .ux-shape-divider--top svg {\n  height: 150px;\n  --divider-top-width: 100%;\n}\n#banner-339806790 .ux-shape-divider--bottom svg {\n  height: 150px;\n  --divider-width: 100%;\n}\n@media (min-width:850px) {\n  #banner-339806790 {\n    padding-top: 40%;\n  }\n}\n<\/style>\n  <\/div>\n\n\n\t<section class=\"section\" id=\"section_537559162\">\n\t\t<div class=\"bg section-bg fill bg-fill  bg-loaded\" >\n\n\t\t\t\n\t\t\t\n\t\t\t\n\n\t\t<\/div>\n\n\t\t\n\n\t\t<div class=\"section-content relative\">\n\t\t\t\n\n\t<div id=\"gap-226730773\" class=\"gap-element clearfix\" style=\"display:block; height:auto;\">\n\t\t\n<style>\n#gap-226730773 {\n  padding-top: 30px;\n}\n<\/style>\n\t<\/div>\n\t\n\n<div class=\"row align-center\"  id=\"row-1776823437\">\n\n\n\t<div id=\"col-328367990\" class=\"col medium-10 small-11 large-12\"  >\n\t\t\t\t<div class=\"col-inner text-center\"  >\n\t\t\t\n\t\t\t\n\n<h2><span style=\"font-size: 120%\">Lesen Sie mehr \u00fcber Kvass Norge AS<\/span><\/h2>\n\t<div id=\"gap-1797859365\" class=\"gap-element clearfix\" style=\"display:block; height:auto;\">\n\t\t\n<style>\n#gap-1797859365 {\n  padding-top: 20px;\n}\n<\/style>\n\t<\/div>\n\t\n\n<a rel=\"noopener noreferrer\" href=\"https:\/\/www.kvass.no\/\" target=\"_blank\" class=\"button primary is-large lowercase\"  style=\"padding:5px 20px 5px 25px;\">\n    <span>www.kvass.no<\/span>\n  <\/a>\n\n\n\n\t\t<\/div>\n\t\t\t\t\t<\/div>\n\n\t\n\n<\/div>\n\n\t\t<\/div>\n\n\t\t\n<style>\n#section_537559162 {\n  padding-top: 60px;\n  padding-bottom: 60px;\n  background-color: rgb(245, 245, 245);\n}\n#section_537559162 .ux-shape-divider--top svg {\n  height: 150px;\n  --divider-top-width: 100%;\n}\n#section_537559162 .ux-shape-divider--bottom svg {\n  height: 150px;\n  --divider-width: 100%;\n}\n@media (min-width:850px) {\n  #section_537559162 {\n    padding-top: 100px;\n    padding-bottom: 100px;\n  }\n}\n<\/style>\n\t<\/section>\n\t\n\n","protected":false},"excerpt":{"rendered":"","protected":false},"author":19,"featured_media":0,"parent":0,"menu_order":0,"comment_status":"closed","ping_status":"closed","template":"page-blank.php","meta":{"inline_featured_image":false},"_links":{"self":[{"href":"https:\/\/kvassgroup.com\/de\/wp-json\/wp\/v2\/pages\/2466"}],"collection":[{"href":"https:\/\/kvassgroup.com\/de\/wp-json\/wp\/v2\/pages"}],"about":[{"href":"https:\/\/kvassgroup.com\/de\/wp-json\/wp\/v2\/types\/page"}],"author":[{"embeddable":true,"href":"https:\/\/kvassgroup.com\/de\/wp-json\/wp\/v2\/users\/19"}],"replies":[{"embeddable":true,"href":"https:\/\/kvassgroup.com\/de\/wp-json\/wp\/v2\/comments?post=2466"}],"version-history":[{"count":10,"href":"https:\/\/kvassgroup.com\/de\/wp-json\/wp\/v2\/pages\/2466\/revisions"}],"predecessor-version":[{"id":2651,"href":"https:\/\/kvassgroup.com\/de\/wp-json\/wp\/v2\/pages\/2466\/revisions\/2651"}],"wp:attachment":[{"href":"https:\/\/kvassgroup.com\/de\/wp-json\/wp\/v2\/media?parent=2466"}],"curies":[{"name":"wp","href":"https:\/\/api.w.org\/{rel}","templated":true}]}}